{"id":146,"date":"2016-01-31T14:33:56","date_gmt":"2016-01-31T13:33:56","guid":{"rendered":"http:\/\/heilpraktiker-clobes.de\/startseite\/?page_id=146"},"modified":"2022-06-14T20:45:24","modified_gmt":"2022-06-14T18:45:24","slug":"start-4","status":"publish","type":"page","link":"http:\/\/heilpraktiker-clobes.de\/startseite\/","title":{"rendered":"Herzlich Willkommen"},"content":{"rendered":"\n<div class=\"wp-block-image\"><figure class=\"aligncenter is-resized\"><img loading=\"lazy\" src=\"http:\/\/heilpraktiker-clobes.de\/wp-content\/uploads\/2019\/10\/Jutta-Meinhard-2019-1-1024x641.jpg\" alt=\"\" class=\"wp-image-620\" width=\"359\" height=\"225\" srcset=\"http:\/\/heilpraktiker-clobes.de\/wp-content\/uploads\/2019\/10\/Jutta-Meinhard-2019-1-1024x641.jpg 1024w, http:\/\/heilpraktiker-clobes.de\/wp-content\/uploads\/2019\/10\/Jutta-Meinhard-2019-1-300x188.jpg 300w, http:\/\/heilpraktiker-clobes.de\/wp-content\/uploads\/2019\/10\/Jutta-Meinhard-2019-1-768x481.jpg 768w\" sizes=\"(max-width: 359px) 100vw, 359px\" \/><\/figure><\/div>\n\n\n\n<p><strong><br><\/strong><\/p>\n\n\n\n<p class=\"has-text-color\" style=\"color:#fa042d\"><strong><span style=\"color: #ff0000;\">kostenfreie Vortr\u00e4ge  <\/span><\/strong><br>Inhalt: siehe links unter &#8220;Vortr\u00e4ge&#8221; &#8211;                                                                  Anmeldung unter 05662 3003<\/p>\n\n\n\n<h2><strong> Vortr\u00e4ge nach  Vereinbarung:                                                                                                                                                                                                                                                                                                                                                        Vitalit\u00e4t und Verj\u00fcngung                <\/strong> <\/h2>\n\n\n\n<p><\/p>\n\n\n\n<p class=\"has-text-color\" style=\"color:#ff270b\"><\/p>\n\n\n\n<p>Interview bei QS24.ch &#8211; Schweizer Gesundheitsfernsehen:<\/p>\n\n\n\n<figure class=\"wp-block-embed-youtube wp-block-embed is-type-video is-provider-youtube wp-embed-aspect-16-9 wp-has-aspect-ratio\"><div class=\"wp-block-embed__wrapper\">\n<iframe title=\"Wieso altern die einen schneller als die andern? | Hochfrequenzenergie | QS24 Gesundheitsfernsehen\" width=\"660\" height=\"371\" src=\"https:\/\/www.youtube.com\/embed\/brnuRFaTwJE?start=150&#038;feature=oembed\" frameborder=\"0\" allow=\"accelerometer; autoplay; clipboard-write; encrypted-media; gyroscope; picture-in-picture\" allowfullscreen><\/iframe>\n<\/div><\/figure>\n\n\n\n<p>Interview von Robert Stein mit Meinhard Clobes und Arthur Tr\u00e4nkle:<\/p>\n\n\n\n<p>         <iframe title=\"Tesla meets Naturheilkunde - im Gespr\u00e4ch mit Meinhard Clobes und Arthur Tr\u00e4nkle\" width=\"660\" height=\"371\" src=\"https:\/\/www.youtube.com\/embed\/JSSieqOnZQw?feature=oembed\" frameborder=\"0\" allow=\"accelerometer; autoplay; clipboard-write; encrypted-media; gyroscope; picture-in-picture\" allowfullscreen><\/iframe><\/p>\n\n\n\n<p>Video 3 \/ab Minute 30 Interview mit Meinhard Clobes und Arthur Tr\u00e4nkle<\/p>\n\n\n\n<p>https:\/\/www.youtube.com\/watch?v=m-1gNcPbW_A&amp;feature=emb_logo<br><\/p>\n\n\n\n<p class=\"has-text-color\" style=\"color:#ff081c\"><\/p>\n\n\n\n<!--more-->\n\n\n\n<p><span style=\"color: #000000;\"><br><\/span><\/p>\n\n\n\n<p><span style=\"color: #008000;\">&nbsp;<\/span><\/p>\n","protected":false},"excerpt":{"rendered":"<p>kostenfreie Vortr\u00e4ge Inhalt: siehe links unter &#8220;Vortr\u00e4ge&#8221; &#8211; Anmeldung unter 05662 3003 Vortr\u00e4ge nach Vereinbarung: Vitalit\u00e4t und Verj\u00fcngung Interview bei QS24.ch &#8211; Schweizer Gesundheitsfernsehen: Interview von Robert Stein mit Meinhard Clobes und Arthur Tr\u00e4nkle: Video 3 \/ab Minute 30 Interview mit Meinhard Clobes und Arthur Tr\u00e4nkle https:\/\/www.youtube.com\/watch?v=m-1gNcPbW_A&amp;feature=emb_logo<\/p>\n","protected":false},"author":1,"featured_media":159,"parent":0,"menu_order":0,"comment_status":"closed","ping_status":"closed","template":"","meta":[],"_links":{"self":[{"href":"http:\/\/heilpraktiker-clobes.de\/startseite\/wp-json\/wp\/v2\/pages\/146"}],"collection":[{"href":"http:\/\/heilpraktiker-clobes.de\/startseite\/wp-json\/wp\/v2\/pages"}],"about":[{"href":"http:\/\/heilpraktiker-clobes.de\/startseite\/wp-json\/wp\/v2\/types\/page"}],"author":[{"embeddable":true,"href":"http:\/\/heilpraktiker-clobes.de\/startseite\/wp-json\/wp\/v2\/users\/1"}],"replies":[{"embeddable":true,"href":"http:\/\/heilpraktiker-clobes.de\/startseite\/wp-json\/wp\/v2\/comments?post=146"}],"version-history":[{"count":10,"href":"http:\/\/heilpraktiker-clobes.de\/startseite\/wp-json\/wp\/v2\/pages\/146\/revisions"}],"predecessor-version":[{"id":764,"href":"http:\/\/heilpraktiker-clobes.de\/startseite\/wp-json\/wp\/v2\/pages\/146\/revisions\/764"}],"wp:featuredmedia":[{"embeddable":true,"href":"http:\/\/heilpraktiker-clobes.de\/startseite\/wp-json\/wp\/v2\/media\/159"}],"wp:attachment":[{"href":"http:\/\/heilpraktiker-clobes.de\/startseite\/wp-json\/wp\/v2\/media?parent=146"}],"curies":[{"name":"wp","href":"https:\/\/api.w.org\/{rel}","templated":true}]}}