{"id":22,"date":"2016-02-01T18:34:36","date_gmt":"2016-02-01T17:34:36","guid":{"rendered":"http:\/\/heilpraktiker-clobes.de\/?page_id=22"},"modified":"2019-10-08T23:37:03","modified_gmt":"2019-10-08T21:37:03","slug":"ueber-uns","status":"publish","type":"page","link":"http:\/\/heilpraktiker-clobes.de\/startseite\/ueber-uns\/","title":{"rendered":"\u00dcber uns"},"content":{"rendered":"\n<figure class=\"wp-block-image\"><img loading=\"lazy\" width=\"1024\" height=\"641\" src=\"http:\/\/heilpraktiker-clobes.de\/wp-content\/uploads\/2019\/10\/Jutta-Meinhard-2019-1-1024x641-1-1024x641.jpg\" alt=\"\" class=\"wp-image-625\" srcset=\"http:\/\/heilpraktiker-clobes.de\/wp-content\/uploads\/2019\/10\/Jutta-Meinhard-2019-1-1024x641-1.jpg 1024w, http:\/\/heilpraktiker-clobes.de\/wp-content\/uploads\/2019\/10\/Jutta-Meinhard-2019-1-1024x641-1-300x188.jpg 300w, http:\/\/heilpraktiker-clobes.de\/wp-content\/uploads\/2019\/10\/Jutta-Meinhard-2019-1-1024x641-1-768x481.jpg 768w\" sizes=\"(max-width: 1024px) 100vw, 1024px\" \/><\/figure>\n\n\n<p>Ich bin <strong>Jutta Clobes<\/strong>, im Jahr 1960 geboren und war urspr\u00fcnglich von Beruf Zahnarzthelferin. Meinhard und ich haben zwei erwachsene Kinder. Ich habe viele Seminare besucht und Ausbildungen absolviert, im Bereich der Pers\u00f6nlichkeits- und Bewu\u00dftseinsentwicklung. Danach im Bereich der energetischen und ganzheitlichen Heilung bei verschiedenen \u00c4rzten und Heilpraktikern.\u00a0 Au\u00dferdem die Ausbildung zur Heilpraktikerin; mit abschlie\u00dfender Pr\u00fcfung beim Gesundheitsamt.<\/p>\n<p>In den letzten 10 Jahren habe ich gemeinsam mit Meinhard ein Reihe von Seminaren, zu diesen Themen, selbst gegeben.<\/p>\n<p>Ich bin <strong>Meinhard Clobes<\/strong> und im Jahr 1959 geboren. Mein Berufsweg f\u00fchrte mich zun\u00e4chst in das Bank- und Finanzgewerbe. Als Dipl.-Bankbetriebswirt war ich dort \u00fcber 20 Jahre in der Gesch\u00e4ftsf\u00fchrung bei verschiedenen Sparkassen und Finanzunternehmen t\u00e4tig.<br \/>Daneben besch\u00e4ftige ich mich seit meinem 25. Lebensjahr mit Pers\u00f6nlichkeits- und Bewu\u00dftseinsentwicklung, sowie mit alternativen Heilmethoden. In den vergangenen 20 Jahren habe ich in diesem Bereich eine Reihe von Seminaren besucht und Ausbildungen absolviert. Darunter auch die Ausbildung zum Heilpraktiker mit Pr\u00fcfung und Zulassung durch das Gesundheitsamt.<\/p>\n<p>(Bildquelle: Eigenes Foto)<\/p>","protected":false},"excerpt":{"rendered":"<p>Ich bin Jutta Clobes, im Jahr 1960 geboren und war urspr\u00fcnglich von Beruf Zahnarzthelferin. Meinhard und ich haben zwei erwachsene Kinder. Ich habe viele Seminare besucht und Ausbildungen absolviert, im Bereich der Pers\u00f6nlichkeits- und Bewu\u00dftseinsentwicklung. Danach im Bereich der energetischen und ganzheitlichen Heilung bei verschiedenen \u00c4rzten und Heilpraktikern.\u00a0 Au\u00dferdem die Ausbildung zur Heilpraktikerin; mit abschlie\u00dfender &hellip; <a href=\"http:\/\/heilpraktiker-clobes.de\/startseite\/ueber-uns\/\" class=\"more-link\"><span class=\"screen-reader-text\">\u00dcber uns<\/span> weiterlesen<\/a><\/p>\n","protected":false},"author":1,"featured_media":0,"parent":0,"menu_order":0,"comment_status":"closed","ping_status":"closed","template":"","meta":[],"_links":{"self":[{"href":"http:\/\/heilpraktiker-clobes.de\/startseite\/wp-json\/wp\/v2\/pages\/22"}],"collection":[{"href":"http:\/\/heilpraktiker-clobes.de\/startseite\/wp-json\/wp\/v2\/pages"}],"about":[{"href":"http:\/\/heilpraktiker-clobes.de\/startseite\/wp-json\/wp\/v2\/types\/page"}],"author":[{"embeddable":true,"href":"http:\/\/heilpraktiker-clobes.de\/startseite\/wp-json\/wp\/v2\/users\/1"}],"replies":[{"embeddable":true,"href":"http:\/\/heilpraktiker-clobes.de\/startseite\/wp-json\/wp\/v2\/comments?post=22"}],"version-history":[{"count":10,"href":"http:\/\/heilpraktiker-clobes.de\/startseite\/wp-json\/wp\/v2\/pages\/22\/revisions"}],"predecessor-version":[{"id":628,"href":"http:\/\/heilpraktiker-clobes.de\/startseite\/wp-json\/wp\/v2\/pages\/22\/revisions\/628"}],"wp:attachment":[{"href":"http:\/\/heilpraktiker-clobes.de\/startseite\/wp-json\/wp\/v2\/media?parent=22"}],"curies":[{"name":"wp","href":"https:\/\/api.w.org\/{rel}","templated":true}]}}