{"id":375,"date":"2016-07-31T17:35:31","date_gmt":"2016-07-31T15:35:31","guid":{"rendered":"http:\/\/heilpraktiker-clobes.de\/startseite\/?page_id=375"},"modified":"2016-10-30T12:04:51","modified_gmt":"2016-10-30T11:04:51","slug":"entgiften-und-entsaeuern","status":"publish","type":"page","link":"http:\/\/heilpraktiker-clobes.de\/startseite\/entgiften-und-entsaeuern\/","title":{"rendered":"&#8211; Entgiften und Ents\u00e4uern"},"content":{"rendered":"<p><strong>Vortrag: Entgiften und Ents\u00e4uern<br \/>\n<\/strong><\/p>\n<p><strong>Termine: 26. und 27. April, 11. Oktober 2016 \u2013 jeweils um 20 Uhr<br \/>\n<\/strong><\/p>\n<p>Sch\u00f6nheit und Gesundheit, kr\u00e4ftiges Haar, sch\u00f6ne Haut, straffes Gewebe, ein gutes Immunsystem, stabile Knochen und Gelenke, Kraft und Beweglichkeit, \u00a0sind abh\u00e4ngig von der S\u00e4ure-Basen-Balance. Ein Zuviel an S\u00e4uren, wie es heute \u201enormal\u201c ist, beschleunigt unsere Alterungsprozesse und verursacht zahlreiche Zivilisationskrankheiten. S\u00e4uren lassen uns auf Dauer alt aussehen.<\/p>\n<p>Diese entstehen z.B. aus Nahrungsbestandteilen wie S\u00fc\u00dfstoffen, Zucker, Wei\u00dfmehlprodukten, Geschmacksverst\u00e4rkern, Konservierungsmitteln, k\u00fcnstlichen Aromen oder E-Stoffen. Aber auch durch Medikamente, Hormone und bei zu viel Stress und \u00c4rger. Bewegung in freier Natur wirkt dem entgegen; jedoch sportliche \u00dcberanstrengung f\u00f6rdert wiederum die \u00dcbers\u00e4uerung des K\u00f6rpers.<\/p>\n<p>Unsere Ausscheidungsorgane Nieren, Darm und Lunge sind mit dieser Flut an S\u00e4uren und anderen Schadstoffen zunehmend \u00fcberlastet, sodass bei immer mehr Menschen die Haut als Organ einspringen muss. Je nach Veranlagung kommt es zu Sodbrennen und\/oder Hautproblemen wie Akne, Cellulite, Schwitzen, Neurodermitis, Schuppen, Schuppenflechte, usw. Diese Ausscheidungen sind zwar unangenehm, aber sinnvoll. Sie sollten deshalb nicht unterdr\u00fcckt, sondern mit intensiver basischer K\u00f6rperpflege unterst\u00fctzt werden.<\/p>\n<p>S\u00e4uren, die nicht ausgeschieden werden, muss unser Organismus neutralisieren. Stehen die dazu erforderlichen Mineralstoffe nicht \u00fcber die Ern\u00e4hrung zur Verf\u00fcgung, so holt sie sich unser Organismus notgedrungen aus seinen eigenen Depots \u2013 aus Haut, Haaren, N\u00e4geln, Z\u00e4hnen, Geweben, Gelenken und Knochen.<\/p>\n<p>Immer weniger Menschen schaffen es, die zu Salzen neutralisierten S\u00e4uren und Schadstoffe auszuscheiden und lagern sie deshalb ein, umh\u00fcllt von Fett und verd\u00fcnnt mit Wasser. Diese sogenannten Schlacken gehen oft heftig ins Gewicht.<br \/>\nSchlacken belasten unsere Figur und unsere Gesundheit mit Wassereinlagerungen, \u00a0Cellulite und \u00dcbergewicht. Oder f\u00fchren gar zu Arteriosklerose, Nierensteinen, Gicht, Rheuma, H\u00e4morrhoiden, usw. Aber auch zu hormonellen St\u00f6rungen. Durch Di\u00e4ten und Sport alleine k\u00f6nnen diese Schlacken nicht abgebaut werden, denn die Ursache dieser Probleme sind die abgelagerten S\u00e4uren und Schadstoffe. Der entscheidende Schritt zum Erfolg ist die Ents\u00e4uerung bzw. Entgiftung,<\/p>\n<p>Frauen haben durch ihre Menstruation monatlich einen nat\u00fcrlichen Entgiftungsvorgang. Nach Ausbleiben der Regel beginnen deshalb recht h\u00e4ufig viele Probleme.<\/p>\n<p>Die wirksamen Ma\u00dfnahmen f\u00fcr eine erfolgreiche Entschlackung und Regeneration des Organismus sind jedoch bekannt:<\/p>\n<ol>\n<li>L\u00f6sen der im K\u00f6rper befindlichen Schlacken<\/li>\n<li>Neutralisieren der gel\u00f6sten S\u00e4uren und Schlacken<\/li>\n<li>Ausscheiden der Schadstoffe aus dem K\u00f6rper<\/li>\n<\/ol>\n<p>Diese Schritte sind leicht umzusetzen und innerhalb von ca. 4 Wochen zeigen sich bei vielen Menschen oft deutliche Verbesserungen.<\/p>\n<p>N\u00e4heres dazu in unseren Informationsabenden oder in einem pers\u00f6nlichen Gespr\u00e4ch.<\/p>\n<p>Wir freuen uns auf Sie !<\/p>\n<p><em>Herzlichst \u2013 Jutta &amp; Meinhard Clobes<\/em><\/p>\n","protected":false},"excerpt":{"rendered":"<p>Vortrag: Entgiften und Ents\u00e4uern Termine: 26. und 27. April, 11. Oktober 2016 \u2013 jeweils um 20 Uhr Sch\u00f6nheit und Gesundheit, kr\u00e4ftiges Haar, sch\u00f6ne Haut, straffes Gewebe, ein gutes Immunsystem, stabile Knochen und Gelenke, Kraft und Beweglichkeit, \u00a0sind abh\u00e4ngig von der S\u00e4ure-Basen-Balance. Ein Zuviel an S\u00e4uren, wie es heute \u201enormal\u201c ist, beschleunigt unsere Alterungsprozesse und verursacht &hellip; <a href=\"http:\/\/heilpraktiker-clobes.de\/startseite\/entgiften-und-entsaeuern\/\" class=\"more-link\"><span class=\"screen-reader-text\">&#8211; Entgiften und Ents\u00e4uern<\/span> weiterlesen<\/a><\/p>\n","protected":false},"author":1,"featured_media":0,"parent":0,"menu_order":0,"comment_status":"closed","ping_status":"closed","template":"","meta":[],"_links":{"self":[{"href":"http:\/\/heilpraktiker-clobes.de\/startseite\/wp-json\/wp\/v2\/pages\/375"}],"collection":[{"href":"http:\/\/heilpraktiker-clobes.de\/startseite\/wp-json\/wp\/v2\/pages"}],"about":[{"href":"http:\/\/heilpraktiker-clobes.de\/startseite\/wp-json\/wp\/v2\/types\/page"}],"author":[{"embeddable":true,"href":"http:\/\/heilpraktiker-clobes.de\/startseite\/wp-json\/wp\/v2\/users\/1"}],"replies":[{"embeddable":true,"href":"http:\/\/heilpraktiker-clobes.de\/startseite\/wp-json\/wp\/v2\/comments?post=375"}],"version-history":[{"count":3,"href":"http:\/\/heilpraktiker-clobes.de\/startseite\/wp-json\/wp\/v2\/pages\/375\/revisions"}],"predecessor-version":[{"id":444,"href":"http:\/\/heilpraktiker-clobes.de\/startseite\/wp-json\/wp\/v2\/pages\/375\/revisions\/444"}],"wp:attachment":[{"href":"http:\/\/heilpraktiker-clobes.de\/startseite\/wp-json\/wp\/v2\/media?parent=375"}],"curies":[{"name":"wp","href":"https:\/\/api.w.org\/{rel}","templated":true}]}}