{"id":379,"date":"2016-07-31T17:39:25","date_gmt":"2016-07-31T15:39:25","guid":{"rendered":"http:\/\/heilpraktiker-clobes.de\/startseite\/?page_id=379"},"modified":"2016-08-18T12:40:49","modified_gmt":"2016-08-18T10:40:49","slug":"prostatabeschwerden","status":"publish","type":"page","link":"http:\/\/heilpraktiker-clobes.de\/startseite\/prostatabeschwerden\/","title":{"rendered":"&#8211; M\u00e4nnerabend: Prostata, &#8230;"},"content":{"rendered":"<p><strong>Vortrag: M\u00e4nnerabend \u2013 \u201eProstata und nachlassender Harndrang\u00a0 \u2013\u00a0\u00a0\u00a0\u00a0\u00a0 naturheilkundliche M\u00f6glichkeiten\u201c\u00a0 \u00a0\u00a0 \u00a0 \u00a0 \u00a0 \u00a0\u00a0\u00a0\u00a0\u00a0\u00a0\u00a0\u00a0\u00a0\u00a0\u00a0\u00a0\u00a0\u00a0\u00a0\u00a0\u00a0\u00a0\u00a0\u00a0\u00a0\u00a0\u00a0 \u00a0 \u00a0\u00a0 \u00a0 \u00a0 \u00a0\u00a0 \u00a0 \u00a0 \u00a0\u00a0 \u00a0\u00a0\u00a0\u00a0\u00a0\u00a0\u00a0\u00a0\u00a0\u00a0\u00a0<\/strong><\/p>\n<p><strong>Termin: 31. August \u00a02016 (Mittwoch) um 20 Uhr\u00a0\u00a0\u00a0\u00a0\u00a0\u00a0\u00a0\u00a0\u00a0\u00a0\u00a0\u00a0\u00a0\u00a0\u00a0\u00a0\u00a0\u00a0\u00a0\u00a0\u00a0\u00a0\u00a0\u00a0\u00a0\u00a0\u00a0<\/strong><\/p>\n<p>In Deutschland haben 50 % aller M\u00e4nner im Alter von 50 Jahren und 80 % aller M\u00e4nner im Alter von 80 Jahren, Symptome einer Prostatavergr\u00f6\u00dferung. Sie wird von manchen Medizinern daher bereits als \u201eVolkskrankheit\u201c bezeichnet.<\/p>\n<p>Die Vorsteherdr\u00fcse (Prostata) liegt unterhalb der Blase. Wenn sie sich vergr\u00f6\u00dfert, dr\u00fcckt sie gegen die Harnr\u00f6hre und behindert den Harnfluss. Die Blase wird zunehmend schw\u00e4cher und kann sich m\u00f6glicherweise nicht mehr vollst\u00e4ndig entleeren.<\/p>\n<p>Die genaue Ursache der vergr\u00f6\u00dferten Prostata ist noch nicht abschlie\u00dfend gekl\u00e4rt. Faktoren wie das Alter, Hormone und Wachstumsfaktoren tragen jedoch zu der Erkrankung bei. \u00a0Aber auch das Ern\u00e4hrungsverhalten und Schadstoffe scheinen eine Rolle zu spielen.<\/p>\n<p>Die Erkrankung wird \u00e4rztlicherseits durch rektale Untersuchung, die Untersuchung von Prostata-Spezifischem Antigen (PSA) im Blut, eine Harnflussuntersuchung (Uroflowmetrie), Ultraschall, Biopsie oder mittels Magnetresonanz (MRT) diagnostiziert.<\/p>\n<p>Die gutartige Vergr\u00f6\u00dferung der Prostata ist zwar nicht lebensbedrohlich, schr\u00e4nkt jedoch die Lebensqualit\u00e4t durch Schlafunterbrechungen infolge n\u00e4chtlichen Wasserlassens sowie durch einen unkontrollierbaren, pl\u00f6tzlichen Harndrang ein.<\/p>\n<p>Symptome k\u00f6nnen insbesondere sein:<\/p>\n<ul>\n<li>h\u00e4ufiges Wasserlassen<\/li>\n<li>pl\u00f6tzlicher, unkontrollierbarer Harndrang<\/li>\n<li>Schlafunterbrechungen durch n\u00e4chtliches Wasserlassen<\/li>\n<li>schwacher Harnstrahl<\/li>\n<li>zum Wasserlassen muss die Blase angespannt oder eingedr\u00fcckt werden<\/li>\n<li>Startschwierigkeiten beim Wasserlassen<\/li>\n<li>Schmerzen oder Brennen beim Wasserlassen<\/li>\n<li>Gef\u00fchl, die Blase nicht richtig entleert zu haben<\/li>\n<\/ul>\n<p>Die gutartige Prostatavergr\u00f6\u00dferung wird meist medikament\u00f6s behandelt oder operativ das vergr\u00f6\u00dferte Gewebe abgetragen.<\/p>\n<p>Prostatakrebs ist in Deutschland bei M\u00e4nnern inzwischen der h\u00e4ufigste b\u00f6sartige Tumor und die dritth\u00e4ufigste krebsbedingte Todesursache. Die H\u00e4ufigkeit steigt mit dem Alter bis ins achte Lebensjahrzehnt an und ist weltweit recht unterschiedlich verteilt. Die Behandlung erfolgt i.d.R. medikament\u00f6s und operativ.<\/p>\n<p>In der Naturheilkunde werden \u00a0seit Jahrhunderten verschiedene Mittel zur Pr\u00e4vention und bei leichteren Beschwerden der Prostata und Harnwege eingesetzt.<\/p>\n<p>In diesem Vortrag werde ich besonders auf die Ursachen der gutartigen Prostatavergr\u00f6\u00dferung und Pr\u00e4ventionsm\u00f6glichkeiten eingehen.<\/p>\n<p>Ich freue mich auf Sie !<\/p>\n<p><em>Herzlichst \u2013Meinhard Clobes<\/em><\/p>\n<p>&nbsp;<\/p>\n","protected":false},"excerpt":{"rendered":"<p>Vortrag: M\u00e4nnerabend \u2013 \u201eProstata und nachlassender Harndrang\u00a0 \u2013\u00a0\u00a0\u00a0\u00a0\u00a0 naturheilkundliche M\u00f6glichkeiten\u201c\u00a0 \u00a0\u00a0 \u00a0 \u00a0 \u00a0 \u00a0\u00a0\u00a0\u00a0\u00a0\u00a0\u00a0\u00a0\u00a0\u00a0\u00a0\u00a0\u00a0\u00a0\u00a0\u00a0\u00a0\u00a0\u00a0\u00a0\u00a0\u00a0\u00a0 \u00a0 \u00a0\u00a0 \u00a0 \u00a0 \u00a0\u00a0 \u00a0 \u00a0 \u00a0\u00a0 \u00a0\u00a0\u00a0\u00a0\u00a0\u00a0\u00a0\u00a0\u00a0\u00a0\u00a0 Termin: 31. August \u00a02016 (Mittwoch) um 20 Uhr\u00a0\u00a0\u00a0\u00a0\u00a0\u00a0\u00a0\u00a0\u00a0\u00a0\u00a0\u00a0\u00a0\u00a0\u00a0\u00a0\u00a0\u00a0\u00a0\u00a0\u00a0\u00a0\u00a0\u00a0\u00a0\u00a0\u00a0 In Deutschland haben 50 % aller M\u00e4nner im Alter von 50 Jahren und 80 % aller M\u00e4nner im Alter von 80 Jahren, Symptome &hellip; <a href=\"http:\/\/heilpraktiker-clobes.de\/startseite\/prostatabeschwerden\/\" class=\"more-link\"><span class=\"screen-reader-text\">&#8211; M\u00e4nnerabend: Prostata, &#8230;<\/span> weiterlesen<\/a><\/p>\n","protected":false},"author":1,"featured_media":0,"parent":0,"menu_order":0,"comment_status":"closed","ping_status":"closed","template":"","meta":[],"_links":{"self":[{"href":"http:\/\/heilpraktiker-clobes.de\/startseite\/wp-json\/wp\/v2\/pages\/379"}],"collection":[{"href":"http:\/\/heilpraktiker-clobes.de\/startseite\/wp-json\/wp\/v2\/pages"}],"about":[{"href":"http:\/\/heilpraktiker-clobes.de\/startseite\/wp-json\/wp\/v2\/types\/page"}],"author":[{"embeddable":true,"href":"http:\/\/heilpraktiker-clobes.de\/startseite\/wp-json\/wp\/v2\/users\/1"}],"replies":[{"embeddable":true,"href":"http:\/\/heilpraktiker-clobes.de\/startseite\/wp-json\/wp\/v2\/comments?post=379"}],"version-history":[{"count":7,"href":"http:\/\/heilpraktiker-clobes.de\/startseite\/wp-json\/wp\/v2\/pages\/379\/revisions"}],"predecessor-version":[{"id":411,"href":"http:\/\/heilpraktiker-clobes.de\/startseite\/wp-json\/wp\/v2\/pages\/379\/revisions\/411"}],"wp:attachment":[{"href":"http:\/\/heilpraktiker-clobes.de\/startseite\/wp-json\/wp\/v2\/media?parent=379"}],"curies":[{"name":"wp","href":"https:\/\/api.w.org\/{rel}","templated":true}]}}