{"id":386,"date":"2016-08-04T21:33:05","date_gmt":"2016-08-04T19:33:05","guid":{"rendered":"http:\/\/heilpraktiker-clobes.de\/startseite\/?page_id=386"},"modified":"2016-09-01T12:38:44","modified_gmt":"2016-09-01T10:38:44","slug":"frauenabend-wechseljahresbeschwerden","status":"publish","type":"page","link":"http:\/\/heilpraktiker-clobes.de\/startseite\/frauenabend-wechseljahresbeschwerden\/","title":{"rendered":"&#8211; Frauenabend: Wechseljahre"},"content":{"rendered":"<p><strong>Vortrag: Frauenabend: \u201eMenstruations-, Blasen- und Wechseljahresbeschwerden\u00a0 \u2013 naturheilkundliche M\u00f6glichkeiten\u201c <\/strong><\/p>\n<p><strong>Termin: 30. August 2016 (Dienstag) um 20 Uhr\u00a0\u00a0<\/strong><\/p>\n<p>Immer mehr junge Frauen haben Probleme mit ihrer monatlichen Regelblutung. Beschwerden wie z.B. Schmerzen, zu starke und zu lange Blutung, Migr\u00e4ne u.s.w. werden als \u00e4u\u00dferst unangenehm und l\u00e4stig empfunden. Tats\u00e4chlich aber dient die monatliche Periode zur Ausscheidung von angesammelten Schadstoffen aus dem Organismus. Also eine von der Natur angelegte \u201enat\u00fcrliche Entgiftung\u201c.<\/p>\n<p>Hat man die Phase der Periode endlich \u00fcberwunden beginnen die sogenannten Wechseljahre. Die monatliche Blutung bleibt dann aus, aber h\u00e4ufig kommt es zu Beschwerden wie Hitzewallungen, Schlafst\u00f6rungen, Blasenschw\u00e4che, Blasenentz\u00fcndungen, Haarausfall, u.s.w.<\/p>\n<p>Wie geht man damit um? Was sind die Ursachen f\u00fcr diese Beschwerden?<\/p>\n<p>H\u00e4ufig sind es die Hormone, welche einen gro\u00dfen Einfluss auf unsere Gesundheit und unsere Gef\u00fchle haben. \u201eWas ist wenn die Hormone verr\u00fcckt spielen ?\u201c \u00a0Wichtig ist hierbei ein eventuelles \u00a0Ungleichgewicht wieder auszugleichen. Dazu gibt es in der Naturheilkunde viele M\u00f6glichkeiten.<\/p>\n<p>Eine weitere Ursache kann der Darm sein. 70-80% des Immunsystems befinden sich im Darm. Ist dieses Organ \u00a0geschw\u00e4cht, kann er den K\u00f6rper nicht ausreichend mit N\u00e4hrstoffen versorgen, Krankheitserreger abwehren und Schlacken ausscheiden. Daher ist es von gr\u00f6\u00dfter Wichtigkeit f\u00fcr einen gesunden Darm zu sorgen.<\/p>\n<p>In meinem Vortrag werde ich die verschiedenen Ursachen und sanfte Therapieformen darstellen.<\/p>\n<p>Ich freue mich auf Sie !<\/p>\n<p><em>Herzlichst &#8211; Jutta Clobes<\/em><\/p>\n","protected":false},"excerpt":{"rendered":"<p>Vortrag: Frauenabend: \u201eMenstruations-, Blasen- und Wechseljahresbeschwerden\u00a0 \u2013 naturheilkundliche M\u00f6glichkeiten\u201c Termin: 30. August 2016 (Dienstag) um 20 Uhr\u00a0\u00a0 Immer mehr junge Frauen haben Probleme mit ihrer monatlichen Regelblutung. Beschwerden wie z.B. Schmerzen, zu starke und zu lange Blutung, Migr\u00e4ne u.s.w. werden als \u00e4u\u00dferst unangenehm und l\u00e4stig empfunden. Tats\u00e4chlich aber dient die monatliche Periode zur Ausscheidung von &hellip; <a href=\"http:\/\/heilpraktiker-clobes.de\/startseite\/frauenabend-wechseljahresbeschwerden\/\" class=\"more-link\"><span class=\"screen-reader-text\">&#8211; Frauenabend: Wechseljahre<\/span> weiterlesen<\/a><\/p>\n","protected":false},"author":1,"featured_media":0,"parent":0,"menu_order":0,"comment_status":"closed","ping_status":"closed","template":"","meta":[],"_links":{"self":[{"href":"http:\/\/heilpraktiker-clobes.de\/startseite\/wp-json\/wp\/v2\/pages\/386"}],"collection":[{"href":"http:\/\/heilpraktiker-clobes.de\/startseite\/wp-json\/wp\/v2\/pages"}],"about":[{"href":"http:\/\/heilpraktiker-clobes.de\/startseite\/wp-json\/wp\/v2\/types\/page"}],"author":[{"embeddable":true,"href":"http:\/\/heilpraktiker-clobes.de\/startseite\/wp-json\/wp\/v2\/users\/1"}],"replies":[{"embeddable":true,"href":"http:\/\/heilpraktiker-clobes.de\/startseite\/wp-json\/wp\/v2\/comments?post=386"}],"version-history":[{"count":10,"href":"http:\/\/heilpraktiker-clobes.de\/startseite\/wp-json\/wp\/v2\/pages\/386\/revisions"}],"predecessor-version":[{"id":419,"href":"http:\/\/heilpraktiker-clobes.de\/startseite\/wp-json\/wp\/v2\/pages\/386\/revisions\/419"}],"wp:attachment":[{"href":"http:\/\/heilpraktiker-clobes.de\/startseite\/wp-json\/wp\/v2\/media?parent=386"}],"curies":[{"name":"wp","href":"https:\/\/api.w.org\/{rel}","templated":true}]}}