{"id":547,"date":"2019-01-09T12:30:28","date_gmt":"2019-01-09T11:30:28","guid":{"rendered":"http:\/\/heilpraktiker-clobes.de\/startseite\/?page_id=547"},"modified":"2019-03-13T08:33:27","modified_gmt":"2019-03-13T07:33:27","slug":"aderlass-infusionen","status":"publish","type":"page","link":"http:\/\/heilpraktiker-clobes.de\/startseite\/aderlass-infusionen\/","title":{"rendered":"Aderlass und Infusionen"},"content":{"rendered":"\n<p class=\"has-text-color has-dark-gray-color\">Bereits Hildegard von Bingen (1098-1179) nutzte den Aderlass, um das Blut zu reinigen. Nach ihrer Beobachtung sollte jeder Erwachsene zur allgemeinen  Reinigung regelm\u00e4\u00dfig und vorbeugend einen Aderlass durchf\u00fchren lassen.  Denn belastende Stoffe, Hildegard nennt sie \u201eSchwarzgalle und schlechte  S\u00e4fte\u201c, k\u00f6nnen zu vielen akuten oder chronischen  Krankheiten f\u00fchren. Nach Erkenntnissen der Erfahrungsheilkunde k\u00f6nnen  dem K\u00f6rper durch den Aderlass nicht nur sch\u00e4dliche Stoffe entzogen  werden, sondern es kann&nbsp; auch durch Anregung des Stoffwechsels zur  Hormonregulation, Schmerzreduzierung und Entz\u00fcndungshemmung kommen. <\/p>\n\n\n\n<p>Die Behandlung ist weniger spektakul\u00e4r als gedacht. Es wird lediglich mit einer Kan\u00fcle das Blut aus der Armvene entnommen.<\/p>\n\n\n\n<p>Die ersten 5 Tage nach Vollmond sind nach ihrer Meinung die effektivste Zeit daf\u00fcr. Im Internet finde Sie viele Erfahrungsberichte dazu. <\/p>\n\n\n\n<p style=\"color:#00a307\" class=\"has-text-color\"><\/p>\n\n\n\n<p>Infusionen (Anti-Stress-Infusionen, Vitamin C-Infusionen, Vitamin B-Infusionen, etc.): Beschreibung folgt<\/p>\n\n\n\n<p><\/p>\n","protected":false},"excerpt":{"rendered":"<p>Bereits Hildegard von Bingen (1098-1179) nutzte den Aderlass, um das Blut zu reinigen. Nach ihrer Beobachtung sollte jeder Erwachsene zur allgemeinen Reinigung regelm\u00e4\u00dfig und vorbeugend einen Aderlass durchf\u00fchren lassen. Denn belastende Stoffe, Hildegard nennt sie \u201eSchwarzgalle und schlechte S\u00e4fte\u201c, k\u00f6nnen zu vielen akuten oder chronischen Krankheiten f\u00fchren. Nach Erkenntnissen der Erfahrungsheilkunde k\u00f6nnen dem K\u00f6rper durch &hellip; <a href=\"http:\/\/heilpraktiker-clobes.de\/startseite\/aderlass-infusionen\/\" class=\"more-link\"><span class=\"screen-reader-text\">Aderlass und Infusionen<\/span> weiterlesen<\/a><\/p>\n","protected":false},"author":1,"featured_media":0,"parent":0,"menu_order":0,"comment_status":"closed","ping_status":"closed","template":"","meta":[],"_links":{"self":[{"href":"http:\/\/heilpraktiker-clobes.de\/startseite\/wp-json\/wp\/v2\/pages\/547"}],"collection":[{"href":"http:\/\/heilpraktiker-clobes.de\/startseite\/wp-json\/wp\/v2\/pages"}],"about":[{"href":"http:\/\/heilpraktiker-clobes.de\/startseite\/wp-json\/wp\/v2\/types\/page"}],"author":[{"embeddable":true,"href":"http:\/\/heilpraktiker-clobes.de\/startseite\/wp-json\/wp\/v2\/users\/1"}],"replies":[{"embeddable":true,"href":"http:\/\/heilpraktiker-clobes.de\/startseite\/wp-json\/wp\/v2\/comments?post=547"}],"version-history":[{"count":10,"href":"http:\/\/heilpraktiker-clobes.de\/startseite\/wp-json\/wp\/v2\/pages\/547\/revisions"}],"predecessor-version":[{"id":600,"href":"http:\/\/heilpraktiker-clobes.de\/startseite\/wp-json\/wp\/v2\/pages\/547\/revisions\/600"}],"wp:attachment":[{"href":"http:\/\/heilpraktiker-clobes.de\/startseite\/wp-json\/wp\/v2\/media?parent=547"}],"curies":[{"name":"wp","href":"https:\/\/api.w.org\/{rel}","templated":true}]}}