{"id":559,"date":"2019-01-29T11:46:45","date_gmt":"2019-01-29T10:46:45","guid":{"rendered":"http:\/\/heilpraktiker-clobes.de\/startseite\/?page_id=559"},"modified":"2019-01-29T11:53:20","modified_gmt":"2019-01-29T10:53:20","slug":"heuschnupfen-und-allergien","status":"publish","type":"page","link":"http:\/\/heilpraktiker-clobes.de\/startseite\/heuschnupfen-und-allergien\/","title":{"rendered":"-Heuschnupfen und Allergien"},"content":{"rendered":"\n<p><strong>Vortrag (kostenfrei) am 20.02.2019 und 28.02.2019: &nbsp;\u201eHeuschnupfen und Allergien nat\u00fcrlich behandeln\u201c&nbsp; <\/strong><\/p>\n\n\n\n<p>Haben Sie auch\ndie Nase voll von Heuschnupfen und Allergien ?<\/p>\n\n\n\n<p>Mittlerweile\nleiden bereits 22 % (2017) der Deutschen unter Heuschnupfen und 30% unter\nAllergien allgemein; Tendenz weiter steigend.<\/p>\n\n\n\n<p>Welche\nM\u00f6glichkeiten bietet uns Mutter Natur als Alternative zu Antihistaminika und\nHyposensibilisierung ?<\/p>\n\n\n\n<p>Erfahren Sie\nwas Sie tun k\u00f6nnen, um Ihren K\u00f6rper auf nat\u00fcrliche Weise gegen Pollen und Co.\nzu st\u00e4rken.<\/p>\n","protected":false},"excerpt":{"rendered":"<p>Vortrag (kostenfrei) am 20.02.2019 und 28.02.2019: &nbsp;\u201eHeuschnupfen und Allergien nat\u00fcrlich behandeln\u201c&nbsp; Haben Sie auch die Nase voll von Heuschnupfen und Allergien ? Mittlerweile leiden bereits 22 % (2017) der Deutschen unter Heuschnupfen und 30% unter Allergien allgemein; Tendenz weiter steigend. Welche M\u00f6glichkeiten bietet uns Mutter Natur als Alternative zu Antihistaminika und Hyposensibilisierung ? Erfahren Sie &hellip; <a href=\"http:\/\/heilpraktiker-clobes.de\/startseite\/heuschnupfen-und-allergien\/\" class=\"more-link\"><span class=\"screen-reader-text\">-Heuschnupfen und Allergien<\/span> weiterlesen<\/a><\/p>\n","protected":false},"author":1,"featured_media":0,"parent":0,"menu_order":0,"comment_status":"closed","ping_status":"closed","template":"","meta":[],"_links":{"self":[{"href":"http:\/\/heilpraktiker-clobes.de\/startseite\/wp-json\/wp\/v2\/pages\/559"}],"collection":[{"href":"http:\/\/heilpraktiker-clobes.de\/startseite\/wp-json\/wp\/v2\/pages"}],"about":[{"href":"http:\/\/heilpraktiker-clobes.de\/startseite\/wp-json\/wp\/v2\/types\/page"}],"author":[{"embeddable":true,"href":"http:\/\/heilpraktiker-clobes.de\/startseite\/wp-json\/wp\/v2\/users\/1"}],"replies":[{"embeddable":true,"href":"http:\/\/heilpraktiker-clobes.de\/startseite\/wp-json\/wp\/v2\/comments?post=559"}],"version-history":[{"count":4,"href":"http:\/\/heilpraktiker-clobes.de\/startseite\/wp-json\/wp\/v2\/pages\/559\/revisions"}],"predecessor-version":[{"id":565,"href":"http:\/\/heilpraktiker-clobes.de\/startseite\/wp-json\/wp\/v2\/pages\/559\/revisions\/565"}],"wp:attachment":[{"href":"http:\/\/heilpraktiker-clobes.de\/startseite\/wp-json\/wp\/v2\/media?parent=559"}],"curies":[{"name":"wp","href":"https:\/\/api.w.org\/{rel}","templated":true}]}}