{"id":587,"date":"2019-03-08T17:18:05","date_gmt":"2019-03-08T16:18:05","guid":{"rendered":"http:\/\/heilpraktiker-clobes.de\/startseite\/?page_id=587"},"modified":"2019-03-08T17:51:01","modified_gmt":"2019-03-08T16:51:01","slug":"ruecken-und-gelenkbeschwerden","status":"publish","type":"page","link":"http:\/\/heilpraktiker-clobes.de\/startseite\/ruecken-und-gelenkbeschwerden\/","title":{"rendered":"-R\u00fccken- und Gelenkbeschwerden"},"content":{"rendered":"\n<p><strong>Vortrag (kostenfrei) am 20.03.2019 und 28.03.2019: &nbsp;\u201eR\u00fccken- und Gelenkbeschwerden nat\u00fcrlich behandeln\u201c&nbsp; <\/strong><\/p>\n\n\n\n<p>Leiden Sie auch \u00f6fters oder st\u00e4ndig an R\u00fccken- oder Gelenkbeschwerden? Vielleicht wurde bei Ihnen Arthrose, Arthritis, Osteoporose, Rheuma oder Poyarthritis diagmnostiziert. Erfahren Sie in unseren Vortr\u00e4gen, welche naturheilkundlichen M\u00f6glichkeiten es zur Behandlung gibt.<\/p>\n\n\n\n<figure class=\"wp-block-image\"><img loading=\"lazy\" width=\"557\" height=\"205\" src=\"http:\/\/heilpraktiker-clobes.de\/wp-content\/uploads\/2019\/03\/grafik.png\" alt=\"\" class=\"wp-image-588\" srcset=\"http:\/\/heilpraktiker-clobes.de\/wp-content\/uploads\/2019\/03\/grafik.png 557w, http:\/\/heilpraktiker-clobes.de\/wp-content\/uploads\/2019\/03\/grafik-300x110.png 300w\" sizes=\"(max-width: 557px) 100vw, 557px\" \/><figcaption> <br><br><\/figcaption><\/figure>\n\n\n\n<p>Rheuma<\/p>\n\n\n\n<p>Die Erkrankungen des rheumatischen Formenkreises\nzeigen eine \u00e4u\u00dferst vielf\u00e4ltige Symptomatik.<\/p>\n\n\n\n<p>Differenziert man nach diagnostisch-therapeutisch-praktischen\nGesichtspunkten, so ergibt sich folgende Einteilung der verschiedenen Rheumaarten\n<\/p>\n\n\n\n<p>\u2013 Entz\u00fcndliches Rheuma, d.h. eine entz\u00fcndliche\nErkrankung des mesenchymalen Gewebes infolge infekti\u00f6s-toxischer Einwirkungen: z.B.\nrheumatisches Fieber, PCP, Felty, Morbus Bechterew,<\/p>\n\n\n\n<p>\u2013 Degeneratives Rheuma, d.h. prim\u00e4r regressive\nVer\u00e4nderungen des mesenchymalen Gewebes ohne echte Entz\u00fcndungserscheinungen: z.B.\nArthrose, Spondylose, Intercostalneuralgien,<\/p>\n\n\n\n<p>\u2013 Extraartikul\u00e4res Rheuma\n(Sammelbegriff f\u00fcr Weichteilrheumatismus) mit teilweise entz\u00fcndlichen und\nteilweise degenerativen Prozessen: z.B. Muskelrheumatismus, Epicondylitis\nhumeri<\/p>\n","protected":false},"excerpt":{"rendered":"<p>Vortrag (kostenfrei) am 20.03.2019 und 28.03.2019: &nbsp;\u201eR\u00fccken- und Gelenkbeschwerden nat\u00fcrlich behandeln\u201c&nbsp; Leiden Sie auch \u00f6fters oder st\u00e4ndig an R\u00fccken- oder Gelenkbeschwerden? Vielleicht wurde bei Ihnen Arthrose, Arthritis, Osteoporose, Rheuma oder Poyarthritis diagmnostiziert. Erfahren Sie in unseren Vortr\u00e4gen, welche naturheilkundlichen M\u00f6glichkeiten es zur Behandlung gibt. Rheuma Die Erkrankungen des rheumatischen Formenkreises zeigen eine \u00e4u\u00dferst vielf\u00e4ltige Symptomatik. &hellip; <a href=\"http:\/\/heilpraktiker-clobes.de\/startseite\/ruecken-und-gelenkbeschwerden\/\" class=\"more-link\"><span class=\"screen-reader-text\">-R\u00fccken- und Gelenkbeschwerden<\/span> weiterlesen<\/a><\/p>\n","protected":false},"author":1,"featured_media":0,"parent":0,"menu_order":0,"comment_status":"closed","ping_status":"closed","template":"","meta":[],"_links":{"self":[{"href":"http:\/\/heilpraktiker-clobes.de\/startseite\/wp-json\/wp\/v2\/pages\/587"}],"collection":[{"href":"http:\/\/heilpraktiker-clobes.de\/startseite\/wp-json\/wp\/v2\/pages"}],"about":[{"href":"http:\/\/heilpraktiker-clobes.de\/startseite\/wp-json\/wp\/v2\/types\/page"}],"author":[{"embeddable":true,"href":"http:\/\/heilpraktiker-clobes.de\/startseite\/wp-json\/wp\/v2\/users\/1"}],"replies":[{"embeddable":true,"href":"http:\/\/heilpraktiker-clobes.de\/startseite\/wp-json\/wp\/v2\/comments?post=587"}],"version-history":[{"count":5,"href":"http:\/\/heilpraktiker-clobes.de\/startseite\/wp-json\/wp\/v2\/pages\/587\/revisions"}],"predecessor-version":[{"id":598,"href":"http:\/\/heilpraktiker-clobes.de\/startseite\/wp-json\/wp\/v2\/pages\/587\/revisions\/598"}],"wp:attachment":[{"href":"http:\/\/heilpraktiker-clobes.de\/startseite\/wp-json\/wp\/v2\/media?parent=587"}],"curies":[{"name":"wp","href":"https:\/\/api.w.org\/{rel}","templated":true}]}}